{"id":131,"date":"2022-05-24T07:09:27","date_gmt":"2022-05-24T07:09:27","guid":{"rendered":"https:\/\/tierschutz-erleben.de\/?page_id=131"},"modified":"2026-02-23T18:14:29","modified_gmt":"2026-02-23T18:14:29","slug":"foerderung","status":"publish","type":"page","link":"https:\/\/tierschutz-erleben.de\/de\/foerderung","title":{"rendered":"F\u00f6rderung"},"content":{"rendered":"\t\t<div data-elementor-type=\"wp-page\" data-elementor-id=\"131\" class=\"elementor elementor-131\" data-elementor-post-type=\"page\">\n\t\t\t\t\t\t<section class=\"elementor-section elementor-top-section elementor-element elementor-element-19b7c051 elementor-section-full_width elementor-section-height-min-height elementor-section-items-stretch elementor-section-height-default\" data-id=\"19b7c051\" data-element_type=\"section\" data-e-type=\"section\">\n\t\t\t\t\t\t<div class=\"elementor-container elementor-column-gap-default\">\n\t\t\t\t\t<div class=\"elementor-column elementor-col-33 elementor-top-column elementor-element elementor-element-414c9804\" data-id=\"414c9804\" data-element_type=\"column\" data-e-type=\"column\" id=\"Kurzbeschreibung\" data-settings=\"{&quot;background_background&quot;:&quot;classic&quot;}\">\n\t\t\t<div class=\"elementor-widget-wrap elementor-element-populated\">\n\t\t\t\t\t\t<div class=\"elementor-element elementor-element-9eac165 elementor-widget elementor-widget-heading\" data-id=\"9eac165\" data-element_type=\"widget\" data-e-type=\"widget\" data-settings=\"{&quot;motion_fx_motion_fx_scrolling&quot;:&quot;yes&quot;,&quot;motion_fx_translateX_effect&quot;:&quot;yes&quot;,&quot;motion_fx_translateX_direction&quot;:&quot;negative&quot;,&quot;motion_fx_translateX_speed&quot;:{&quot;unit&quot;:&quot;px&quot;,&quot;size&quot;:3,&quot;sizes&quot;:[]},&quot;motion_fx_translateX_affectedRange&quot;:{&quot;unit&quot;:&quot;%&quot;,&quot;size&quot;:&quot;&quot;,&quot;sizes&quot;:{&quot;start&quot;:0,&quot;end&quot;:100}},&quot;motion_fx_devices&quot;:[&quot;widescreen&quot;,&quot;desktop&quot;,&quot;tablet_extra&quot;,&quot;tablet&quot;,&quot;mobile_extra&quot;,&quot;mobile&quot;]}\" data-widget_type=\"heading.default\">\n\t\t\t\t<div class=\"elementor-widget-container\">\n\t\t\t\t\t<h2 class=\"elementor-heading-title elementor-size-default\">F\u00f6rderung <\/h2>\t\t\t\t<\/div>\n\t\t\t\t<\/div>\n\t\t\t\t\t<\/div>\n\t\t<\/div>\n\t\t\t\t<div class=\"elementor-column elementor-col-66 elementor-top-column elementor-element elementor-element-33ca7645\" data-id=\"33ca7645\" data-element_type=\"column\" data-e-type=\"column\" data-settings=\"{&quot;background_background&quot;:&quot;classic&quot;}\">\n\t\t\t<div class=\"elementor-widget-wrap elementor-element-populated\">\n\t\t\t\t\t\t<div class=\"elementor-element elementor-element-f5284f5 elementor-widget elementor-widget-menu-anchor\" data-id=\"f5284f5\" data-element_type=\"widget\" data-e-type=\"widget\" data-widget_type=\"menu-anchor.default\">\n\t\t\t\t<div class=\"elementor-widget-container\">\n\t\t\t\t\t\t\t<div class=\"elementor-menu-anchor\" id=\"foerderung\"><\/div>\n\t\t\t\t\t\t<\/div>\n\t\t\t\t<\/div>\n\t\t\t\t<div class=\"elementor-element elementor-element-6adf49c6 elementor-widget__width-initial elementor-widget-mobile_extra__width-initial elementor-widget-mobile__width-initial elementor-widget elementor-widget-text-editor\" data-id=\"6adf49c6\" data-element_type=\"widget\" data-e-type=\"widget\" data-widget_type=\"text-editor.default\">\n\t\t\t\t<div class=\"elementor-widget-container\">\n\t\t\t\t\t\t\t\t\t<p>Das Projekt ist Teil der Modell- und Demonstrationsvorhaben (MuD) Tierschutz im Bundesprogramm Nutztierhaltung. Die F\u00f6rderung erfolgte aus Mitteln des Bundesministeriums f\u00fcr Ern\u00e4hrung und Landwirtschaft (BMEL; jetzt BMLEH) aufgrund eines Beschlusses des deutschen Bundestages, Projekttr\u00e4ger ist die Bundesanstalt f\u00fcr Landwirtschaft und Ern\u00e4hrung (BLE), F\u00f6rderkennzeichen \u00abFKZ\u00bb<\/p>\n<p><a href=\"https:\/\/mud-tierschutz.de\/mud-tierschutz\" data-wplink-edit=\"true\">Die Modell- und Demonstrationsvorhaben (MuD)<\/a>&nbsp;Tierschutz dienen der Einf\u00fchrung neuer Erkenntnisse der Nutztierwissenschaften in die landwirtschaftliche Praxis mit dem Ziel der Verbesserung des Tierschutzes auf Betriebsebene. Die MuD Tierschutz sind Teil des Bundesprogramms Nutztierhaltung. Sie werden vom Bundesministerium f\u00fcr Ern\u00e4hrung und Landwirtschaft (BMEL; jetzt BMLEH) gef\u00f6rdert. Die Bundesanstalt f\u00fcr Landwirtschaft und Ern\u00e4hrung (BLE) ist Projekttr\u00e4gerin.<\/p>\n<p>Tierschutz erLeben ist Teil des Schwerpunktes Wissen-Dialog-Praxis:<br>Der Schwerpunkt Wissen-Dialog-Praxis der MuD Tierschutz liegt in der F\u00f6rderung von Projekten mit Modellcharakter, die insbesondere der Informationsvermittlung und dem Wissenstransfer dienen. Es liegt im Interesse des Bundes, dass neue Erkenntnisse, die eine tiergerechtere Haltung von Nutztieren erm\u00f6glichen, \u00fcber Projekte mit hoher Multiplikatorwirkung in die landwirtschaftliche Praxis \u00fcberf\u00fchrt werden. Hierdurch sollen Impulse gesetzt werden, die zu einer Verbesserung des Tierschutzes und damit auch zu einer verbesserten gesellschaftlichen Akzeptanz der Nutztierhaltung f\u00fchren.<br>Bei der Themenwahl und Projektf\u00f6rderung spielen Tierschutzrelevanz, Modellhaftigkeit, Qualit\u00e4t des Wissenstransfers und Praxisn\u00e4he besondere Rollen. Landwirtschaftliche Betriebe werden in die Vorhaben direkt eingebunden, um ein hohes Ma\u00df an Praxisn\u00e4he zu gew\u00e4hrleisten.<br>Die Projektf\u00f6rderung fu\u00dft auf der Richtlinie des&nbsp; Bundesministerium f\u00fcr Ern\u00e4hrung und Landwirtschaft (BMEL; jetzt BMLEH) zur F\u00f6rderung von Ma\u00dfnahmen zum Transfer neuer Erkenntnisse aus Forschungs- und Entwicklungsvorhaben (FuE-Vorhaben) in die landwirtschaftliche Praxis im Kontext der Modell- und Demonstrationsvorhaben Tierschutz f\u00fcr kleine und mittlere Unternehmen.<\/p>\t\t\t\t\t\t\t\t<\/div>\n\t\t\t\t<\/div>\n\t\t\t\t\t<\/div>\n\t\t<\/div>\n\t\t\t\t\t<\/div>\n\t\t<\/section>\n\t\t\t\t<section class=\"elementor-section elementor-top-section elementor-element elementor-element-2aa174cd elementor-section-full_width elementor-section-height-min-height elementor-section-items-stretch elementor-reverse-mobile elementor-reverse-tablet elementor-section-height-default\" data-id=\"2aa174cd\" data-element_type=\"section\" data-e-type=\"section\">\n\t\t\t\t\t\t<div class=\"elementor-container elementor-column-gap-default\">\n\t\t\t\t\t<div class=\"elementor-column elementor-col-100 elementor-top-column elementor-element elementor-element-5a51aecd\" data-id=\"5a51aecd\" data-element_type=\"column\" data-e-type=\"column\" data-settings=\"{&quot;background_background&quot;:&quot;classic&quot;}\">\n\t\t\t<div class=\"elementor-widget-wrap elementor-element-populated\">\n\t\t\t\t\t\t<div class=\"elementor-element elementor-element-9d1db3c elementor-widget elementor-widget-image\" data-id=\"9d1db3c\" data-element_type=\"widget\" data-e-type=\"widget\" data-widget_type=\"image.default\">\n\t\t\t\t<div class=\"elementor-widget-container\">\n\t\t\t\t\t\t\t\t\t\t\t\t\t\t\t<img fetchpriority=\"high\" decoding=\"async\" width=\"800\" height=\"322\" src=\"https:\/\/tierschutz-erleben.de\/wp-content\/uploads\/2026\/02\/Logo-BLEH-1024x412.png\" class=\"attachment-large size-large wp-image-2209\" alt=\"\" srcset=\"https:\/\/tierschutz-erleben.de\/wp-content\/uploads\/2026\/02\/Logo-BLEH-1024x412.png 1024w, https:\/\/tierschutz-erleben.de\/wp-content\/uploads\/2026\/02\/Logo-BLEH-300x121.png 300w, https:\/\/tierschutz-erleben.de\/wp-content\/uploads\/2026\/02\/Logo-BLEH-768x309.png 768w, https:\/\/tierschutz-erleben.de\/wp-content\/uploads\/2026\/02\/Logo-BLEH-1536x618.png 1536w, https:\/\/tierschutz-erleben.de\/wp-content\/uploads\/2026\/02\/Logo-BLEH-2048x824.png 2048w, https:\/\/tierschutz-erleben.de\/wp-content\/uploads\/2026\/02\/Logo-BLEH-18x7.png 18w\" sizes=\"(max-width: 800px) 100vw, 800px\" \/>\t\t\t\t\t\t\t\t\t\t\t\t\t\t\t<\/div>\n\t\t\t\t<\/div>\n\t\t\t\t<div class=\"elementor-element elementor-element-1c45fe8 elementor-widget elementor-widget-image\" data-id=\"1c45fe8\" data-element_type=\"widget\" data-e-type=\"widget\" data-widget_type=\"image.default\">\n\t\t\t\t<div class=\"elementor-widget-container\">\n\t\t\t\t\t\t\t\t\t\t\t\t\t\t\t<img decoding=\"async\" width=\"800\" height=\"520\" src=\"https:\/\/tierschutz-erleben.de\/wp-content\/uploads\/2022\/05\/2020-08_Aufbau_MuD_mFH-WDP.jpg\" class=\"attachment-large size-large wp-image-261\" alt=\"Grafik des Modell- und Demonstrationsvorhaben Tierschutz. Zeitskala von 2014-2024, Markierter Bereich Wissen-Dialog-Praxis (2019-2021)\" srcset=\"https:\/\/tierschutz-erleben.de\/wp-content\/uploads\/2022\/05\/2020-08_Aufbau_MuD_mFH-WDP.jpg 887w, https:\/\/tierschutz-erleben.de\/wp-content\/uploads\/2022\/05\/2020-08_Aufbau_MuD_mFH-WDP-300x195.jpg 300w, https:\/\/tierschutz-erleben.de\/wp-content\/uploads\/2022\/05\/2020-08_Aufbau_MuD_mFH-WDP-768x500.jpg 768w\" sizes=\"(max-width: 800px) 100vw, 800px\" \/>\t\t\t\t\t\t\t\t\t\t\t\t\t\t\t<\/div>\n\t\t\t\t<\/div>\n\t\t\t\t\t<\/div>\n\t\t<\/div>\n\t\t\t\t\t<\/div>\n\t\t<\/section>\n\t\t\t\t<\/div>\n\t\t","protected":false},"excerpt":{"rendered":"<p>F\u00f6rderung Das Projekt ist Teil der Modell- und Demonstrationsvorhaben (MuD) Tierschutz im Bundesprogramm Nutztierhaltung. Die F\u00f6rderung erfolgte aus Mitteln des Bundesministeriums f\u00fcr Ern\u00e4hrung und Landwirtschaft (BMEL; jetzt BMLEH) aufgrund eines Beschlusses des deutschen Bundestages, Projekttr\u00e4ger ist die Bundesanstalt f\u00fcr Landwirtschaft und Ern\u00e4hrung (BLE), F\u00f6rderkennzeichen \u00abFKZ\u00bb Die Modell- und Demonstrationsvorhaben (MuD)&nbsp;Tierschutz dienen der Einf\u00fchrung neuer Erkenntnisse [&hellip;]<\/p>\n","protected":false},"author":2,"featured_media":0,"parent":0,"menu_order":0,"comment_status":"closed","ping_status":"closed","template":"","meta":{"footnotes":""},"class_list":["post-131","page","type-page","status-publish","hentry"],"_links":{"self":[{"href":"https:\/\/tierschutz-erleben.de\/de\/wp-json\/wp\/v2\/pages\/131","targetHints":{"allow":["GET"]}}],"collection":[{"href":"https:\/\/tierschutz-erleben.de\/de\/wp-json\/wp\/v2\/pages"}],"about":[{"href":"https:\/\/tierschutz-erleben.de\/de\/wp-json\/wp\/v2\/types\/page"}],"author":[{"embeddable":true,"href":"https:\/\/tierschutz-erleben.de\/de\/wp-json\/wp\/v2\/users\/2"}],"replies":[{"embeddable":true,"href":"https:\/\/tierschutz-erleben.de\/de\/wp-json\/wp\/v2\/comments?post=131"}],"version-history":[{"count":91,"href":"https:\/\/tierschutz-erleben.de\/de\/wp-json\/wp\/v2\/pages\/131\/revisions"}],"predecessor-version":[{"id":2228,"href":"https:\/\/tierschutz-erleben.de\/de\/wp-json\/wp\/v2\/pages\/131\/revisions\/2228"}],"wp:attachment":[{"href":"https:\/\/tierschutz-erleben.de\/de\/wp-json\/wp\/v2\/media?parent=131"}],"curies":[{"name":"wp","href":"https:\/\/api.w.org\/{rel}","templated":true}]}}