{"id":761,"date":"2022-08-17T07:35:06","date_gmt":"2022-08-17T07:35:06","guid":{"rendered":"https:\/\/tierschutz-erleben.de\/?page_id=761"},"modified":"2022-10-24T10:35:53","modified_gmt":"2022-10-24T10:35:53","slug":"impressum","status":"publish","type":"page","link":"https:\/\/tierschutz-erleben.de\/de\/impressum","title":{"rendered":"Impressum"},"content":{"rendered":"<div data-elementor-type=\"wp-page\" data-elementor-id=\"761\" class=\"elementor elementor-761\" data-elementor-post-type=\"page\">\n\t\t\t\t\t\t<section class=\"elementor-section elementor-top-section elementor-element elementor-element-66e9ffd3 elementor-section-boxed elementor-section-height-default elementor-section-height-default\" data-id=\"66e9ffd3\" data-element_type=\"section\" data-e-type=\"section\">\n\t\t\t\t\t\t<div class=\"elementor-container elementor-column-gap-default\">\n\t\t\t\t\t<div class=\"elementor-column elementor-col-100 elementor-top-column elementor-element elementor-element-2490b39e\" data-id=\"2490b39e\" data-element_type=\"column\" data-e-type=\"column\">\n\t\t\t<div class=\"elementor-widget-wrap elementor-element-populated\">\n\t\t\t\t\t\t\t<\/div>\n\t\t<\/div>\n\t\t\t\t\t<\/div>\n\t\t<\/section>\n\t\t\t\t<section class=\"elementor-section elementor-top-section elementor-element elementor-element-2b004b5 elementor-section-boxed elementor-section-height-default elementor-section-height-default\" data-id=\"2b004b5\" data-element_type=\"section\" data-e-type=\"section\">\n\t\t\t\t\t\t<div class=\"elementor-container elementor-column-gap-default\">\n\t\t\t\t\t<div class=\"elementor-column elementor-col-100 elementor-top-column elementor-element elementor-element-a3fb0d5\" data-id=\"a3fb0d5\" data-element_type=\"column\" data-e-type=\"column\">\n\t\t\t<div class=\"elementor-widget-wrap elementor-element-populated\">\n\t\t\t\t\t\t<div class=\"elementor-element elementor-element-9843da7 elementor-widget elementor-widget-heading\" data-id=\"9843da7\" data-element_type=\"widget\" data-e-type=\"widget\" data-widget_type=\"heading.default\">\n\t\t\t\t<div class=\"elementor-widget-container\">\n\t\t\t\t\t<h6 class=\"elementor-heading-title elementor-size-default\">Angaben gem\u00e4\u00df \u00a7 5 TMG<\/h6>\t\t\t\t<\/div>\n\t\t\t\t<\/div>\n\t\t\t\t\t<\/div>\n\t\t<\/div>\n\t\t\t\t\t<\/div>\n\t\t<\/section>\n\t\t\t\t<section class=\"elementor-section elementor-top-section elementor-element elementor-element-cf8ed73 elementor-section-boxed elementor-section-height-default elementor-section-height-default\" data-id=\"cf8ed73\" data-element_type=\"section\" data-e-type=\"section\">\n\t\t\t\t\t\t<div class=\"elementor-container elementor-column-gap-default\">\n\t\t\t\t\t<div class=\"elementor-column elementor-col-100 elementor-top-column elementor-element elementor-element-ca16953\" data-id=\"ca16953\" data-element_type=\"column\" data-e-type=\"column\">\n\t\t\t<div class=\"elementor-widget-wrap elementor-element-populated\">\n\t\t\t\t\t\t<div class=\"elementor-element elementor-element-91fea9f elementor-widget elementor-widget-heading\" data-id=\"91fea9f\" data-element_type=\"widget\" data-e-type=\"widget\" data-widget_type=\"heading.default\">\n\t\t\t\t<div class=\"elementor-widget-container\">\n\t\t\t\t\t<h2 class=\"elementor-heading-title elementor-size-default\">Hochschule-Rhein-Waal <\/h2>\t\t\t\t<\/div>\n\t\t\t\t<\/div>\n\t\t\t\t\t<\/div>\n\t\t<\/div>\n\t\t\t\t\t<\/div>\n\t\t<\/section>\n\t\t\t\t<section class=\"elementor-section elementor-top-section elementor-element elementor-element-6da431d elementor-section-boxed elementor-section-height-default elementor-section-height-default\" data-id=\"6da431d\" data-element_type=\"section\" data-e-type=\"section\">\n\t\t\t\t\t\t<div class=\"elementor-container elementor-column-gap-default\">\n\t\t\t\t\t<div class=\"elementor-column elementor-col-100 elementor-top-column elementor-element elementor-element-d968544\" data-id=\"d968544\" data-element_type=\"column\" data-e-type=\"column\">\n\t\t\t<div class=\"elementor-widget-wrap elementor-element-populated\">\n\t\t\t\t\t\t<div class=\"elementor-element elementor-element-994cf2b elementor-widget elementor-widget-text-editor\" data-id=\"994cf2b\" data-element_type=\"widget\" data-e-type=\"widget\" data-widget_type=\"text-editor.default\">\n\t\t\t\t<div class=\"elementor-widget-container\">\n\t\t\t\t\t\t\t\t\t<p>Rhine-Waal University of Applied Sciences<\/p><p>Marie-Curie-Stra\u00dfe 1<br \/>47533 Kleve<\/p><p>Telefon: +49 2821 806 73 &#8211; 0<br \/>Telefax: +49 2821 80673 &#8211; 160<\/p><p><span style=\"color: var( --e-global-color-text ); letter-spacing: 0.3px;\">E-mail: info@hochschule-rhein-waal.de<\/span><\/p><p>Navigationsadresse: Briener Stra\u00dfe<\/p><p>Die Hochschule Rhein-Waal ist eine K\u00f6rperschaft des \u00d6ffentlichen Rechts. Sie wird durch den Pr\u00e4sidenten Herr Dr. Oliver Locker-Gr\u00fctjen gesetzlich vertreten.<\/p><p><strong>Umsatzsteuer-ID<\/strong><br \/>Umsatzsteuer-Identifikationsnummer gem\u00e4\u00df \u00a7 27 a Umsatzsteuergesetz:<br \/>DE815145426<\/p><p><b>Aufsichtsbeh\u00f6rde<\/b><br \/>Ministerium f\u00fcr Kultur und Wissenschaft des Landes Nordrhein-Westfalen (MKW)<br \/>V\u00f6lklinger Stra\u00dfe 49<br \/>40221 D\u00fcsseldorf<br \/>https:\/\/www.mkw.nrw\/<\/p>\t\t\t\t\t\t\t\t<\/div>\n\t\t\t\t<\/div>\n\t\t\t\t\t<\/div>\n\t\t<\/div>\n\t\t\t\t\t<\/div>\n\t\t<\/section>\n\t\t\t\t<section class=\"elementor-section elementor-top-section elementor-element elementor-element-c2a4772 elementor-section-boxed elementor-section-height-default elementor-section-height-default\" data-id=\"c2a4772\" data-element_type=\"section\" data-e-type=\"section\">\n\t\t\t\t\t\t<div class=\"elementor-container elementor-column-gap-default\">\n\t\t\t\t\t<div class=\"elementor-column elementor-col-100 elementor-top-column elementor-element elementor-element-e7b1bf7\" data-id=\"e7b1bf7\" data-element_type=\"column\" data-e-type=\"column\">\n\t\t\t<div class=\"elementor-widget-wrap elementor-element-populated\">\n\t\t\t\t\t\t<div class=\"elementor-element elementor-element-dc4a2a7 elementor-widget elementor-widget-heading\" data-id=\"dc4a2a7\" data-element_type=\"widget\" data-e-type=\"widget\" data-widget_type=\"heading.default\">\n\t\t\t\t<div class=\"elementor-widget-container\">\n\t\t\t\t\t<h2 class=\"elementor-heading-title elementor-size-default\">Kontakt<\/h2>\t\t\t\t<\/div>\n\t\t\t\t<\/div>\n\t\t\t\t\t<\/div>\n\t\t<\/div>\n\t\t\t\t\t<\/div>\n\t\t<\/section>\n\t\t\t\t<section class=\"elementor-section elementor-top-section elementor-element elementor-element-f996671 elementor-section-boxed elementor-section-height-default elementor-section-height-default\" data-id=\"f996671\" data-element_type=\"section\" data-e-type=\"section\">\n\t\t\t\t\t\t<div class=\"elementor-container elementor-column-gap-default\">\n\t\t\t\t\t<div class=\"elementor-column elementor-col-100 elementor-top-column elementor-element elementor-element-3bb62d8\" data-id=\"3bb62d8\" data-element_type=\"column\" data-e-type=\"column\">\n\t\t\t<div class=\"elementor-widget-wrap elementor-element-populated\">\n\t\t\t\t\t\t<div class=\"elementor-element elementor-element-3b95327 elementor-widget elementor-widget-text-editor\" data-id=\"3b95327\" data-element_type=\"widget\" data-e-type=\"widget\" data-widget_type=\"text-editor.default\">\n\t\t\t\t<div class=\"elementor-widget-container\">\n\t\t\t\t\t\t\t\t\t<p><span style=\"color: var( --e-global-color-text ); letter-spacing: 0.3px;\">E-Mail: tierschutz-erleben@hochschule-rhein-waal.de<\/span><\/p>\t\t\t\t\t\t\t\t<\/div>\n\t\t\t\t<\/div>\n\t\t\t\t\t<\/div>\n\t\t<\/div>\n\t\t\t\t\t<\/div>\n\t\t<\/section>\n\t\t\t\t<section class=\"elementor-section elementor-top-section elementor-element elementor-element-1107c04 elementor-section-boxed elementor-section-height-default elementor-section-height-default\" data-id=\"1107c04\" data-element_type=\"section\" data-e-type=\"section\">\n\t\t\t\t\t\t<div class=\"elementor-container elementor-column-gap-default\">\n\t\t\t\t\t<div class=\"elementor-column elementor-col-100 elementor-top-column elementor-element elementor-element-4b11371\" data-id=\"4b11371\" data-element_type=\"column\" data-e-type=\"column\">\n\t\t\t<div class=\"elementor-widget-wrap elementor-element-populated\">\n\t\t\t\t\t\t<div class=\"elementor-element elementor-element-a489f76 elementor-widget elementor-widget-heading\" data-id=\"a489f76\" data-element_type=\"widget\" data-e-type=\"widget\" data-widget_type=\"heading.default\">\n\t\t\t\t<div class=\"elementor-widget-container\">\n\t\t\t\t\t<h2 class=\"elementor-heading-title elementor-size-default\">Redaktionell verantwortlich gem. \u00a7 18 Abs. 2 MStV: <\/h2>\t\t\t\t<\/div>\n\t\t\t\t<\/div>\n\t\t\t\t\t<\/div>\n\t\t<\/div>\n\t\t\t\t\t<\/div>\n\t\t<\/section>\n\t\t\t\t<section class=\"elementor-section elementor-top-section elementor-element elementor-element-3c22864 elementor-section-boxed elementor-section-height-default elementor-section-height-default\" data-id=\"3c22864\" data-element_type=\"section\" data-e-type=\"section\">\n\t\t\t\t\t\t<div class=\"elementor-container elementor-column-gap-default\">\n\t\t\t\t\t<div class=\"elementor-column elementor-col-100 elementor-top-column elementor-element elementor-element-9271b7b\" data-id=\"9271b7b\" data-element_type=\"column\" data-e-type=\"column\">\n\t\t\t<div class=\"elementor-widget-wrap elementor-element-populated\">\n\t\t\t\t\t\t<div class=\"elementor-element elementor-element-0556072 elementor-widget elementor-widget-text-editor\" data-id=\"0556072\" data-element_type=\"widget\" data-e-type=\"widget\" data-widget_type=\"text-editor.default\">\n\t\t\t\t<div class=\"elementor-widget-container\">\n\t\t\t\t\t\t\t\t\t<p>Prof. Dr. Steffi Wiedemann<br \/>Hochschule Rhein-Waal<br \/>Marie-Curie-Stra\u00dfe 1<br \/>47533 Kleve<br \/>+ 49 2821 806 73 307<b><\/b><\/p>\t\t\t\t\t\t\t\t<\/div>\n\t\t\t\t<\/div>\n\t\t\t\t\t<\/div>\n\t\t<\/div>\n\t\t\t\t\t<\/div>\n\t\t<\/section>\n\t\t\t\t<section class=\"elementor-section elementor-top-section elementor-element elementor-element-f4f51da elementor-section-boxed elementor-section-height-default elementor-section-height-default\" data-id=\"f4f51da\" data-element_type=\"section\" data-e-type=\"section\">\n\t\t\t\t\t\t<div class=\"elementor-container elementor-column-gap-default\">\n\t\t\t\t\t<div class=\"elementor-column elementor-col-100 elementor-top-column elementor-element elementor-element-2c418f5\" data-id=\"2c418f5\" data-element_type=\"column\" data-e-type=\"column\">\n\t\t\t<div class=\"elementor-widget-wrap elementor-element-populated\">\n\t\t\t\t\t\t<div class=\"elementor-element elementor-element-be53a86 elementor-widget elementor-widget-heading\" data-id=\"be53a86\" data-element_type=\"widget\" data-e-type=\"widget\" data-widget_type=\"heading.default\">\n\t\t\t\t<div class=\"elementor-widget-container\">\n\t\t\t\t\t<h2 class=\"elementor-heading-title elementor-size-default\">Haftungshinweis<\/h2>\t\t\t\t<\/div>\n\t\t\t\t<\/div>\n\t\t\t\t\t<\/div>\n\t\t<\/div>\n\t\t\t\t\t<\/div>\n\t\t<\/section>\n\t\t\t\t<section class=\"elementor-section elementor-top-section elementor-element elementor-element-8f2f3b4 elementor-section-boxed elementor-section-height-default elementor-section-height-default\" data-id=\"8f2f3b4\" data-element_type=\"section\" data-e-type=\"section\">\n\t\t\t\t\t\t<div class=\"elementor-container elementor-column-gap-default\">\n\t\t\t\t\t<div class=\"elementor-column elementor-col-100 elementor-top-column elementor-element elementor-element-274e962\" data-id=\"274e962\" data-element_type=\"column\" data-e-type=\"column\">\n\t\t\t<div class=\"elementor-widget-wrap elementor-element-populated\">\n\t\t\t\t\t\t<div class=\"elementor-element elementor-element-fabc2ff elementor-widget elementor-widget-text-editor\" data-id=\"fabc2ff\" data-element_type=\"widget\" data-e-type=\"widget\" data-widget_type=\"text-editor.default\">\n\t\t\t\t<div class=\"elementor-widget-container\">\n\t\t\t\t\t\t\t\t\t<p>Haftung f\u00fcr Inhalte<br>\nDie Hochschule Rhein-Waal erstellt ihre Seiten mit gr\u00f6\u00dfter Sorgfalt. Trotzdem\nk\u00f6nnen Fehler und Unklarheiten nicht vollst\u00e4ndig ausgeschlossen werden. Die\nHochschule Rhein-Waal \u00fcbernimmt deshalb keine Gew\u00e4hr f\u00fcr die Aktualit\u00e4t,\nRichtigkeit, Vollst\u00e4ndigkeit und Qualit\u00e4t der bereitgestellten Informationen.<o:p><\/o:p><\/p><p>Haftung f\u00fcr Links<br>\nDie Webseite des \u201eTierschutz erLeben\u201c Projekts enth\u00e4lt Verkn\u00fcpfungen zu\nWebseiten Dritter (externe Links), auf deren aktuellen und k\u00fcnftigen Inhalt wir\nkeinen Einfluss haben. Daher k\u00f6nnen wir f\u00fcr diese fremden Inhalte auch keine\nGew\u00e4hr \u00fcbernehmen. Das Setzen von externen Links bedeutet nicht, dass sich die\nHochschule die Inhalte der verlinkten Seiten zu Eigen macht. F\u00fcr die Inhalte\nder verlinkten Seite ist stets der jeweilige Anbieter oder Betreiber der Seite\nverantwortlich. Bei der erstmaligen Anbietung der verlinkten Seiten wurden die\nSeiten daraufhin \u00fcberpr\u00fcft, ob Rechtsverst\u00f6\u00dfe vorliegen. Die Hochschule\nRhein-Waal hat keine positive Kenntnis \u00fcber rechtswidrige oder anst\u00f6\u00dfige\nInhalte auf den verlinkten Seiten.<o:p><\/o:p><\/p><p>Sollten auf den verkn\u00fcpften Seiten fremder Anbieter dennoch gesetzwidrige\noder anst\u00f6\u00dfige Seiten enthalten sein, so distanziert sich die Hochschule\nRhein-Waal ausdr\u00fccklich von diesen Inhalten. Eine st\u00e4ndige Kontrolle der\nexternen Links ist f\u00fcr die Hochschule Rhein-Waal ohne konkrete Hinweise auf\nRechtsverst\u00f6\u00dfe nicht zumutbar. Bei Bekanntwerden der v. g. Verst\u00f6\u00dfe werden die\nbetreffenden Links unverz\u00fcglich gel\u00f6scht.<o:p><\/o:p><\/p><p>Wir bitten um Mitteilung, wenn rechtswidrige Inhalte durch Links auf dem\nInternetauftritt des \u201eTierschutz erLeben\u201c Projekts zu erreichen sind unter\nfolgender E-Mail-Adresse: <o:p><\/o:p><\/p><p>\n\n\n\n\n\n\n\n<\/p><p>tierschutz-erleben@hochschule-rhein-waal.de<o:p><\/o:p><\/p>\t\t\t\t\t\t\t\t<\/div>\n\t\t\t\t<\/div>\n\t\t\t\t\t<\/div>\n\t\t<\/div>\n\t\t\t\t\t<\/div>\n\t\t<\/section>\n\t\t\t\t<\/div>","protected":false},"excerpt":{"rendered":"<p>Angaben gem\u00e4\u00df \u00a7 5 TMG Hochschule-Rhein-Waal Rhine-Waal University of Applied Sciences Marie-Curie-Stra\u00dfe 147533 Kleve Telefon: +49 2821 806 73 &#8211; 0Telefax: +49 2821 80673 &#8211; 160 E-mail: info@hochschule-rhein-waal.de Navigationsadresse: Briener Stra\u00dfe Die Hochschule Rhein-Waal ist eine K\u00f6rperschaft des \u00d6ffentlichen Rechts. Sie wird durch den Pr\u00e4sidenten Herr Dr. Oliver Locker-Gr\u00fctjen gesetzlich vertreten. Umsatzsteuer-IDUmsatzsteuer-Identifikationsnummer gem\u00e4\u00df \u00a7 27 [&hellip;]<\/p>\n","protected":false},"author":2,"featured_media":0,"parent":0,"menu_order":0,"comment_status":"closed","ping_status":"closed","template":"","meta":{"footnotes":""},"class_list":["post-761","page","type-page","status-publish","hentry"],"_links":{"self":[{"href":"https:\/\/tierschutz-erleben.de\/de\/wp-json\/wp\/v2\/pages\/761","targetHints":{"allow":["GET"]}}],"collection":[{"href":"https:\/\/tierschutz-erleben.de\/de\/wp-json\/wp\/v2\/pages"}],"about":[{"href":"https:\/\/tierschutz-erleben.de\/de\/wp-json\/wp\/v2\/types\/page"}],"author":[{"embeddable":true,"href":"https:\/\/tierschutz-erleben.de\/de\/wp-json\/wp\/v2\/users\/2"}],"replies":[{"embeddable":true,"href":"https:\/\/tierschutz-erleben.de\/de\/wp-json\/wp\/v2\/comments?post=761"}],"version-history":[{"count":46,"href":"https:\/\/tierschutz-erleben.de\/de\/wp-json\/wp\/v2\/pages\/761\/revisions"}],"predecessor-version":[{"id":1739,"href":"https:\/\/tierschutz-erleben.de\/de\/wp-json\/wp\/v2\/pages\/761\/revisions\/1739"}],"wp:attachment":[{"href":"https:\/\/tierschutz-erleben.de\/de\/wp-json\/wp\/v2\/media?parent=761"}],"curies":[{"name":"wp","href":"https:\/\/api.w.org\/{rel}","templated":true}]}}